{"id":7,"date":"2024-06-03T09:41:16","date_gmt":"2024-06-03T09:41:16","guid":{"rendered":"https:\/\/kickl-gehalt.at\/?page_id=7"},"modified":"2024-07-08T15:03:38","modified_gmt":"2024-07-08T15:03:38","slug":"startseite","status":"publish","type":"page","link":"https:\/\/kickl-gehalt.at\/","title":{"rendered":"Startseite"},"content":{"rendered":"\t\t<div data-elementor-type=\"wp-page\" data-elementor-id=\"7\" class=\"elementor elementor-7\">\n\t\t\t\t<div class=\"elementor-element elementor-element-d7ce39e full-width-container e-flex e-con-boxed e-con e-parent\" data-id=\"d7ce39e\" data-element_type=\"container\" data-e-type=\"container\" data-settings=\"{&quot;background_background&quot;:&quot;classic&quot;}\">\n\t\t\t\t\t<div class=\"e-con-inner\">\n\t\t\t\t<div class=\"elementor-element elementor-element-db5a67c elementor-widget elementor-widget-heading\" data-id=\"db5a67c\" data-element_type=\"widget\" data-e-type=\"widget\" data-widget_type=\"heading.default\">\n\t\t\t\t<div class=\"elementor-widget-container\">\n\t\t\t\t\t<h1 class=\"elementor-heading-title elementor-size-default\">Kickl cashte 26.000 Euro pro Monat ab<\/h1>\t\t\t\t<\/div>\n\t\t\t\t<\/div>\n\t\t\t\t\t<\/div>\n\t\t\t\t<\/div>\n\t\t<div class=\"elementor-element elementor-element-8472e45 e-flex e-con-boxed e-con e-parent\" data-id=\"8472e45\" data-element_type=\"container\" data-e-type=\"container\" data-settings=\"{&quot;background_background&quot;:&quot;classic&quot;}\">\n\t\t\t\t\t<div class=\"e-con-inner\">\n\t\t<div class=\"elementor-element elementor-element-832dd96 e-flex e-con-boxed e-con e-child\" data-id=\"832dd96\" data-element_type=\"container\" data-e-type=\"container\" data-settings=\"{&quot;background_background&quot;:&quot;classic&quot;}\">\n\t\t\t\t\t<div class=\"e-con-inner\">\n\t\t\t\t<div class=\"elementor-element elementor-element-fdce930 elementor-widget elementor-widget-html\" data-id=\"fdce930\" data-element_type=\"widget\" data-e-type=\"widget\" data-widget_type=\"html.default\">\n\t\t\t\t<div class=\"elementor-widget-container\">\n\t\t\t\t\t<div id=\"earningsCounter\" style=\"font-size: 30px; font-weight: bold;\"><\/div>\r\n<script>\r\n    \/\/ hier ist die mithilfe der Excel-Datei ausgerechnete Steigung\r\nconst Steigung = 0.0000078335837657713; \/\/ Euros pro Millisekunden\r\nconst initialEarnings = 4127465.81; \/\/ Einnahmen vom 10.2006 bis 06.2024 als Checkpoint\r\nconst startDate = new Date('June 1, 2024 00:00:00').getTime(); \/\/ Startdatum 6.2024 in Millisekunden\r\n\r\n\/\/ Funktion f\u00fcr die Berechnung der Einnahmen\r\nfunction calculateEarnings() {\r\n    const currentTime = new Date().getTime(); \/\/ jetzige Zeit in Millisekunden\r\n    const elapsedTime = currentTime - startDate; \/\/ vergangene Zeit seit Startdatum in Millisekunden\r\n    const earnings = initialEarnings + (elapsedTime * Steigung); \/\/ insgesamten derzeitigen Einnahmen berechnen\r\n    return earnings;\r\n}\r\n\r\n\/\/ Funktion f\u00fcr die Formatierung der Einnahmen\r\nfunction formatEarnings(earnings) {\r\n    \/\/ Formatierung von Kommas als Tausendertrenner und Punkt als Dezimalpunkt\r\n    const formattedNumber = earnings.toFixed(2).replace(\/\\d(?=(\\d{3})+\\.)\/g, '$&,');\r\n    \/\/ Kommas und Punkt tauschen\r\n    const parts = formattedNumber.split('.');\r\n    parts[0] = parts[0].replace(\/,\/g, '.');\r\n    parts[1] = parts[1].replace(\/,\/g, '');\r\n    return parts.join(',');\r\n}\r\n\r\nfunction updateCounter() {\r\n    const earnings = calculateEarnings();\r\n    document.getElementById('earningsCounter').innerText = formatEarnings(earnings) + ' \u20ac';\r\n}\r\n\r\nsetInterval(updateCounter, 100);\r\n\r\nupdateCounter();\r\n\r\n<\/script>\r\n\t\t\t\t<\/div>\n\t\t\t\t<\/div>\n\t\t\t\t<div class=\"elementor-element elementor-element-cf8483a elementor-widget elementor-widget-text-editor\" data-id=\"cf8483a\" data-element_type=\"widget\" data-e-type=\"widget\" data-widget_type=\"text-editor.default\">\n\t\t\t\t<div class=\"elementor-widget-container\">\n\t\t\t\t\t\t\t\t\t<p>So viel hat Kickl seit\u00a02006\u00a0verdient!<\/p>\t\t\t\t\t\t\t\t<\/div>\n\t\t\t\t<\/div>\n\t\t\t\t\t<\/div>\n\t\t\t\t<\/div>\n\t\t\t\t\t<\/div>\n\t\t\t\t<\/div>\n\t\t<div class=\"elementor-element elementor-element-51ec593 e-flex e-con-boxed e-con e-parent\" data-id=\"51ec593\" data-element_type=\"container\" data-e-type=\"container\" data-settings=\"{&quot;background_background&quot;:&quot;classic&quot;}\">\n\t\t\t\t\t<div class=\"e-con-inner\">\n\t\t<div class=\"elementor-element elementor-element-76cec25 e-flex e-con-boxed e-con e-child\" data-id=\"76cec25\" data-element_type=\"container\" data-e-type=\"container\" data-settings=\"{&quot;background_background&quot;:&quot;classic&quot;}\">\n\t\t\t\t\t<div class=\"e-con-inner\">\n\t\t\t\t<div class=\"elementor-element elementor-element-34cffbe elementor-widget elementor-widget-text-editor\" data-id=\"34cffbe\" data-element_type=\"widget\" data-e-type=\"widget\" data-widget_type=\"text-editor.default\">\n\t\t\t\t<div class=\"elementor-widget-container\">\n\t\t\t\t\t\t\t\t\t<p><b>Seit Herbert Kickl im Nationalrat sitzt, hat er ordentlich abkassiert \u2013 auf Kosten der Steuerzahler. Unser Rechner zeigt: Seit 2006 hat der<\/b><a href=\"https:\/\/www.oe24.at\/oesterreich\/politik\/20-000-euro-ist-kickl-ein-geldgieriger-gagenkaiser\/592458388\"> <b>Gagenkaiser<\/b><\/a><b> \u00fcber 4,1 Millionen Euro Steuergelder eingesackt. Auf Kickls Gehalt als Nationalratsabgeordneter kamen nochmal mehrere Tausend Euro durch Parteijobs drauf. Zurzeit d\u00fcrfte er ca. 20.000 \u20ac\/Brutto im Monat verdienen \u2013 zeitweise waren es sogar fast 26.000 \u20ac.<\/b><\/p><p><span style=\"font-weight: 400;\">Kickl hat noch letztes Jahr so getan, als sei er gegen hohe Geh\u00e4lter f\u00fcr Politiker:innen. <\/span> Eine Angleichung von Politikergeh\u00e4ltern an die Inflation <a href=\"https:\/\/www.profil.at\/faktiv\/kickl-im-faktencheck-politikergehaelter-sind-schwachstelle-der-fpoe\/402747994\">nannte er \u201eunanst\u00e4ndig\u201c<\/a>. <span style=\"font-weight: 400;\">Dabei sind 26.000 \u20ac pro Monat mehr, als Kanzler oder Bundespr\u00e4sident verdienen. Und: Es ist mehr als das Achtfache von dem, was ein:e Facharbeiter:in im Durchschnitt verdient.<\/span><\/p><h2>Mit Nebenjob 10 Jahre doppelt kassiert, Meldung &#8220;vergessen&#8221;<\/h2><p><span style=\"font-weight: 400;\">Kickl hat sein Gehalt durch die Nebeneink\u00fcnfte zun\u00e4chst nicht gemeldet. Eigentlich m\u00fcssen alle Nationalratsabgeordneten offenlegen, wenn sie durch Nebenjobs zus\u00e4tzlich Geld verdienen. Doch erst auf<\/span><a href=\"https:\/\/www.kleinezeitung.at\/politik\/4246248\/FPOeGeneralsekretaer-Kickl-gab-Nebenjobs-nicht-an\"> <span style=\"font-weight: 400;\">Anfrage der Kleinen Zeitung<\/span><\/a><span style=\"font-weight: 400;\"> kam raus: Kickl hat durch einen Nebenjob 10 Jahre lang doppelt kassiert.\u00a0<\/span><\/p><p><span style=\"font-weight: 400;\">Neben seinem Gehalt als Nationalratsabgeordneter bekam Kickl zus\u00e4tzlich mehrere Tausend Euro monatlich von der FP\u00d6 Wien f\u00fcr \u201e\u00d6ffentlichkeits- und Medienarbeit\u201c. Damit d\u00fcrfte Kickl im Durchschnitt ca. 19.000 \u20ac und 2017 sogar fast 26.000 \u20ac pro Monat verdient haben \u2013 alles aus Steuergeldern.<\/span><a href=\"https:\/\/www.diepresse.com\/648408\/fpoe-generalsekretaer-kickl-gab-nebenjob-nicht-an\"> <span style=\"font-weight: 400;\">Er selbst behauptet<\/span><\/a><span style=\"font-weight: 400;\">, dass er das nicht verschweigen wollte. Die Information \u00fcber seine Nebeneink\u00fcnfte sei scheinbar beim Wechsel der Regierungsperiode \u201ehinausgeraten\u201c.\u00a0<\/span><\/p><p><span style=\"font-weight: 400;\">Sogar in seiner Zeit als Minister bekam er zus\u00e4tzlich Geld von der Partei. Und auch heute soll das noch so sein: <a href=\"https:\/\/www.parlament.gv.at\/gegenstand\/XXVII\/JPR\/98\">Das Parlament will jetzt pr\u00fcfen, ob Kickl gegen Meldepflichten versto\u00dfen hat<\/a>. M\u00f6glicherweise hat er sogar noch mehr abgecasht, als unser Rechner zeigt.<\/span><\/p><h2>Trotz Spitzengehalt: Wollte Kickl noch mehr?<\/h2><p><span style=\"font-weight: 400;\">Kickl ist schon allein durch Steuergelder zum Million\u00e4r geworden. M\u00f6glicherweise hat er aber<\/span><a href=\"https:\/\/kontrast.at\/kickl-haus-u-ausschuss\/\"><span style=\"font-weight: 400;\"> auch <\/span><span style=\"font-weight: 400;\">noch andere Eink\u00fcnfte<\/span><\/a><span style=\"font-weight: 400;\">. Darauf deuten Dokumente hin, die 2015<\/span><a href=\"https:\/\/www.falter.at\/maily\/20240416\/kickls-geheime-geschaefte\"> <span style=\"font-weight: 400;\">ver\u00f6ffentlicht<\/span><\/a><span style=\"font-weight: 400;\"> wurden. Demnach war er stiller Miteigent\u00fcmer der Werbeagentur \u201eIdeenschmiede\u201c. Die Agentur ist bekannt geworden, weil sie Regierungsgelder an die FP\u00d6 weiterleiten sollte: 20 % des Auftragsvolumens aus Regierungsauftr\u00e4gen sollten an die FP\u00d6 zur\u00fcckflie\u00dfen. Rund um die Agentur kam es auch zu<\/span><a href=\"https:\/\/www.derstandard.at\/story\/2000119185265\/uwe-scheuch-in-causa-ideenschmiede-neuerlich-schuldig-gesprochen\"> <span style=\"font-weight: 400;\">Verurteilungen<\/span><\/a><span style=\"font-weight: 400;\"> wegen Bestechlichkeit.<\/span><\/p><p><span style=\"font-weight: 400;\">Zuletzt wurde im U-Ausschuss bekannt, dass Herbert Kickl auch Eigent\u00fcmer einer Immobilie in Klagenfurt sei. 2010 kauft Kickls Gesch\u00e4ftspartner die Immobilie f\u00fcr 205.000 \u20ac. Kickl steuert laut Vertrag den halben Kaufpreis bei. Durch diesen Vertrag wird geregelt, dass Kickl auch Mieteinnahmen bekommt, ohne dass die \u00d6ffentlichkeit etwas davon mitbekommen darf. Im U-Ausschuss<\/span><a href=\"https:\/\/orf.at\/stories\/3354198\/\"> <span style=\"font-weight: 400;\">sagte Kickl aus<\/span><\/a><span style=\"font-weight: 400;\">, dass der Treuhandvertrag nie realisiert wurde und er auch \u201ekeinen Cent\u201c aus der Immobilie lukriert hat. Belege daf\u00fcr gibt es aber keine.\u00a0<\/span><\/p><p><span style=\"font-weight: 400;\">Jetzt steht die Immobilie zum Verkauf. 1,125 Mio. \u20ac soll sie kosten \u2013 fast das 6-fache des Kaufpreises. Ob und wie Kickl davon profitiert, ist unklar.<\/span><\/p>\t\t\t\t\t\t\t\t<\/div>\n\t\t\t\t<\/div>\n\t\t\t\t\t<\/div>\n\t\t\t\t<\/div>\n\t\t\t\t\t<\/div>\n\t\t\t\t<\/div>\n\t\t\t\t<\/div>\n\t\t","protected":false},"excerpt":{"rendered":"<p>Kickl cashte 26.000 Euro pro Monat ab So viel hat Kickl seit\u00a02006\u00a0verdient! Seit Herbert Kickl im Nationalrat sitzt, hat er ordentlich abkassiert \u2013 auf Kosten der Steuerzahler. Unser Rechner zeigt: Seit 2006 hat der Gagenkaiser \u00fcber 4,1 Millionen Euro Steuergelder eingesackt. Auf Kickls Gehalt als Nationalratsabgeordneter kamen nochmal mehrere Tausend Euro durch Parteijobs drauf. Zurzeit [&hellip;]<\/p>\n","protected":false},"author":1,"featured_media":0,"parent":0,"menu_order":0,"comment_status":"closed","ping_status":"closed","template":"","meta":{"footnotes":""},"class_list":["post-7","page","type-page","status-publish","hentry"],"yoast_head":"<!-- This site is optimized with the Yoast SEO plugin v27.5 - https:\/\/yoast.com\/product\/yoast-seo-wordpress\/ -->\n<title>kickl-gehalt.at<\/title>\n<meta name=\"description\" content=\"Seit seinem Eintritt in den Nationalrat hat Kickl mehr als 4.1 Mio. \u20ac kassiert! \u2013 Das ist das Gehalt vom Gagenkaiser Kickl!\" \/>\n<meta name=\"robots\" content=\"index, follow, max-snippet:-1, max-image-preview:large, max-video-preview:-1\" \/>\n<link rel=\"canonical\" href=\"https:\/\/kickl-gehalt.at\/\" \/>\n<meta property=\"og:locale\" content=\"en_US\" \/>\n<meta property=\"og:type\" content=\"article\" \/>\n<meta property=\"og:title\" content=\"kickl-gehalt.at\" \/>\n<meta property=\"og:description\" content=\"Seit seinem Eintritt in den Nationalrat hat Kickl mehr als 4.1 Mio. \u20ac kassiert! \u2013 Das ist das Gehalt vom Gagenkaiser Kickl!\" \/>\n<meta property=\"og:url\" content=\"https:\/\/kickl-gehalt.at\/\" \/>\n<meta property=\"og:site_name\" content=\"kickl-gehalt.at\" \/>\n<meta property=\"article:modified_time\" content=\"2024-07-08T15:03:38+00:00\" \/>\n<meta property=\"og:image\" content=\"https:\/\/kickl-gehalt.at\/wp-content\/uploads\/2024\/06\/kickl-gehalt-titelbild_social_media.jpg\" \/>\n\t<meta property=\"og:image:width\" content=\"1200\" \/>\n\t<meta property=\"og:image:height\" content=\"630\" \/>\n\t<meta property=\"og:image:type\" content=\"image\/jpeg\" \/>\n<meta name=\"twitter:card\" content=\"summary_large_image\" \/>\n<meta name=\"twitter:label1\" content=\"Est. reading time\" \/>\n\t<meta name=\"twitter:data1\" content=\"2 minutes\" \/>\n<script type=\"application\/ld+json\" class=\"yoast-schema-graph\">{\"@context\":\"https:\\\/\\\/schema.org\",\"@graph\":[{\"@type\":\"WebPage\",\"@id\":\"https:\\\/\\\/kickl-gehalt.at\\\/\",\"url\":\"https:\\\/\\\/kickl-gehalt.at\\\/\",\"name\":\"kickl-gehalt.at\",\"isPartOf\":{\"@id\":\"https:\\\/\\\/kickl-gehalt.at\\\/#website\"},\"datePublished\":\"2024-06-03T09:41:16+00:00\",\"dateModified\":\"2024-07-08T15:03:38+00:00\",\"description\":\"Seit seinem Eintritt in den Nationalrat hat Kickl mehr als 4.1 Mio. \u20ac kassiert! \u2013 Das ist das Gehalt vom Gagenkaiser Kickl!\",\"breadcrumb\":{\"@id\":\"https:\\\/\\\/kickl-gehalt.at\\\/#breadcrumb\"},\"inLanguage\":\"en-US\",\"potentialAction\":[{\"@type\":\"ReadAction\",\"target\":[\"https:\\\/\\\/kickl-gehalt.at\\\/\"]}]},{\"@type\":\"BreadcrumbList\",\"@id\":\"https:\\\/\\\/kickl-gehalt.at\\\/#breadcrumb\",\"itemListElement\":[{\"@type\":\"ListItem\",\"position\":1,\"name\":\"Home\",\"item\":\"https:\\\/\\\/kickl-gehalt.at\\\/\"},{\"@type\":\"ListItem\",\"position\":2,\"name\":\"Startseite\"}]},{\"@type\":\"WebSite\",\"@id\":\"https:\\\/\\\/kickl-gehalt.at\\\/#website\",\"url\":\"https:\\\/\\\/kickl-gehalt.at\\\/\",\"name\":\"kickl-gehalt.at\",\"description\":\"\",\"potentialAction\":[{\"@type\":\"SearchAction\",\"target\":{\"@type\":\"EntryPoint\",\"urlTemplate\":\"https:\\\/\\\/kickl-gehalt.at\\\/?s={search_term_string}\"},\"query-input\":{\"@type\":\"PropertyValueSpecification\",\"valueRequired\":true,\"valueName\":\"search_term_string\"}}],\"inLanguage\":\"en-US\"}]}<\/script>\n<!-- \/ Yoast SEO plugin. -->","yoast_head_json":{"title":"kickl-gehalt.at","description":"Seit seinem Eintritt in den Nationalrat hat Kickl mehr als 4.1 Mio. \u20ac kassiert! \u2013 Das ist das Gehalt vom Gagenkaiser Kickl!","robots":{"index":"index","follow":"follow","max-snippet":"max-snippet:-1","max-image-preview":"max-image-preview:large","max-video-preview":"max-video-preview:-1"},"canonical":"https:\/\/kickl-gehalt.at\/","og_locale":"en_US","og_type":"article","og_title":"kickl-gehalt.at","og_description":"Seit seinem Eintritt in den Nationalrat hat Kickl mehr als 4.1 Mio. \u20ac kassiert! \u2013 Das ist das Gehalt vom Gagenkaiser Kickl!","og_url":"https:\/\/kickl-gehalt.at\/","og_site_name":"kickl-gehalt.at","article_modified_time":"2024-07-08T15:03:38+00:00","og_image":[{"width":1200,"height":630,"url":"https:\/\/kickl-gehalt.at\/wp-content\/uploads\/2024\/06\/kickl-gehalt-titelbild_social_media.jpg","type":"image\/jpeg"}],"twitter_card":"summary_large_image","twitter_misc":{"Est. reading time":"2 minutes"},"schema":{"@context":"https:\/\/schema.org","@graph":[{"@type":"WebPage","@id":"https:\/\/kickl-gehalt.at\/","url":"https:\/\/kickl-gehalt.at\/","name":"kickl-gehalt.at","isPartOf":{"@id":"https:\/\/kickl-gehalt.at\/#website"},"datePublished":"2024-06-03T09:41:16+00:00","dateModified":"2024-07-08T15:03:38+00:00","description":"Seit seinem Eintritt in den Nationalrat hat Kickl mehr als 4.1 Mio. \u20ac kassiert! \u2013 Das ist das Gehalt vom Gagenkaiser Kickl!","breadcrumb":{"@id":"https:\/\/kickl-gehalt.at\/#breadcrumb"},"inLanguage":"en-US","potentialAction":[{"@type":"ReadAction","target":["https:\/\/kickl-gehalt.at\/"]}]},{"@type":"BreadcrumbList","@id":"https:\/\/kickl-gehalt.at\/#breadcrumb","itemListElement":[{"@type":"ListItem","position":1,"name":"Home","item":"https:\/\/kickl-gehalt.at\/"},{"@type":"ListItem","position":2,"name":"Startseite"}]},{"@type":"WebSite","@id":"https:\/\/kickl-gehalt.at\/#website","url":"https:\/\/kickl-gehalt.at\/","name":"kickl-gehalt.at","description":"","potentialAction":[{"@type":"SearchAction","target":{"@type":"EntryPoint","urlTemplate":"https:\/\/kickl-gehalt.at\/?s={search_term_string}"},"query-input":{"@type":"PropertyValueSpecification","valueRequired":true,"valueName":"search_term_string"}}],"inLanguage":"en-US"}]}},"_links":{"self":[{"href":"https:\/\/kickl-gehalt.at\/index.php?rest_route=\/wp\/v2\/pages\/7","targetHints":{"allow":["GET"]}}],"collection":[{"href":"https:\/\/kickl-gehalt.at\/index.php?rest_route=\/wp\/v2\/pages"}],"about":[{"href":"https:\/\/kickl-gehalt.at\/index.php?rest_route=\/wp\/v2\/types\/page"}],"author":[{"embeddable":true,"href":"https:\/\/kickl-gehalt.at\/index.php?rest_route=\/wp\/v2\/users\/1"}],"replies":[{"embeddable":true,"href":"https:\/\/kickl-gehalt.at\/index.php?rest_route=%2Fwp%2Fv2%2Fcomments&post=7"}],"version-history":[{"count":236,"href":"https:\/\/kickl-gehalt.at\/index.php?rest_route=\/wp\/v2\/pages\/7\/revisions"}],"predecessor-version":[{"id":422,"href":"https:\/\/kickl-gehalt.at\/index.php?rest_route=\/wp\/v2\/pages\/7\/revisions\/422"}],"wp:attachment":[{"href":"https:\/\/kickl-gehalt.at\/index.php?rest_route=%2Fwp%2Fv2%2Fmedia&parent=7"}],"curies":[{"name":"wp","href":"https:\/\/api.w.org\/{rel}","templated":true}]}}